{"id":65,"date":"2023-02-10T07:48:03","date_gmt":"2023-02-10T07:48:03","guid":{"rendered":"https:\/\/arztpraxis-klueter.de\/?page_id=65"},"modified":"2023-02-12T20:07:58","modified_gmt":"2023-02-12T20:07:58","slug":"datenschutz","status":"publish","type":"page","link":"https:\/\/arztpraxis-klueter.de\/?page_id=65","title":{"rendered":"Datenschutz"},"content":{"rendered":"<div  class='flex_column av-3lix-c8938e1683dacb4180b6f0ba9049e174 av_one_full  avia-builder-el-0  avia-builder-el-no-sibling  first flex_column_div  '     ><section  class='av_textblock_section av-ldy8z0on-404ca3912fecf7b85ee193fc18b3dde8 '   itemscope=\"itemscope\" itemtype=\"https:\/\/schema.org\/CreativeWork\" ><div class='avia_textblock'  itemprop=\"text\" ><h2>DATENSCHUTZ<\/h2>\n<\/div><\/section><br \/>\n\n<style type=\"text\/css\" data-created_by=\"avia_inline_auto\" id=\"style-css-av-ldy8z6aw-a759fcdebaccf1d71418649ec487289f\">\n#top .hr.hr-invisible.av-ldy8z6aw-a759fcdebaccf1d71418649ec487289f{\nheight:20px;\n}\n<\/style>\n<div  class='hr av-ldy8z6aw-a759fcdebaccf1d71418649ec487289f hr-invisible  avia-builder-el-2  el_after_av_textblock  el_before_av_textblock '><span class='hr-inner '><span class=\"hr-inner-style\"><\/span><\/span><\/div><br \/>\n<section  class='av_textblock_section av-ldy8za65-d7e6606541e8881a6e8ecbb010b425de '   itemscope=\"itemscope\" itemtype=\"https:\/\/schema.org\/CreativeWork\" ><div class='avia_textblock'  itemprop=\"text\" ><section class=\"av_textblock_section av-l53jo4xo-20c9c47485e98c9d1f774654389a690a \">\n<div class=\"avia_textblock \">\n<p>Informationen \u00fcber die Erhebung personenbezogener Daten\u00a0auf unserer Homepage<\/p>\n<p>Sehr geehrte Besucherin, sehr geehrter Besucher unserer Homepage, wir m\u00f6chten Sie dar\u00fcber informieren, dass beim Besuch unserer Homepage personenbezogene Daten erhoben werden. Personenbezogen sind Daten, die auf Sie pers\u00f6nlich beziehbar sind (z. B. Name, E-Mail, Nutzerverhalten).<\/p>\n<\/div>\n<\/section>\n<div class=\"hr av-l53k08u1-3877e8a12c6c65495c39b4c34cd4eca4 hr-invisible  avia-builder-el-2  el_after_av_textblock  el_before_av_textblock  \"><\/div>\n<section class=\"av_textblock_section av-l53jp6xj-5386f2b0c26380ebaca37667ea2146f5 \">\n<div class=\"avia_textblock \">\n<h3><strong>Verantwortlich f\u00fcr die Erhebung und Speicherung der Daten in unserer Praxis ist:<\/strong><\/h3>\n<p>Dr. med. Andreas Kl\u00fcter<br \/>\nHaus\u00e4rztlicher Internist<\/p>\n<p>Dammchaussee 32<br \/>\n18209 Bad Doberan<\/p>\n<p>Tel: 038203 \u2013 77 15 72<br \/>\nFax: 038203 \u2013 77 15 73<\/p>\n<p>Mail: <a href=\"mailto:info@arztpraxis-klueter.de\">info@arztpraxis-klueter.de<\/a><\/p>\n<\/div>\n<\/section>\n<div class=\"hr av-7eh8c-8573d15f088a4ab75951033a8fea3388 hr-invisible  avia-builder-el-4  el_after_av_textblock  el_before_av_textblock  \"><\/div>\n<section class=\"av_textblock_section av-l53jqaj1-6f179defeb1be7d0e1d5c70e7c979921 \">\n<div class=\"avia_textblock \">\n<h3><strong>Ihre Rechte hinsichtlich der bei uns \u00fcber Sie gespeicherten Daten<br \/>\nSie haben uns gegen\u00fcber folgende Rechte:<\/strong><\/h3>\n<ul>\n<li>Recht auf Berichtigung und L\u00f6schung<\/li>\n<li>Recht auf Daten\u00fcbertragbarkeit<\/li>\n<li>Recht auf Einschr\u00e4nkung der Verarbeitung<\/li>\n<li>Recht auf Auskunft<\/li>\n<li>Recht auf Widerspruch gegen die Verarbeitung<\/li>\n<\/ul>\n<p>Sie erhalten jederzeit unentgeltlich Auskunft \u00fcber die von uns gespeicherten personenbezogenen Daten zu Ihrer Person sowie zur Herkunft, dem Empf\u00e4nger und dem Zweck von Datenerhebung sowie Datenverarbeitung. Au\u00dferdem haben Sie das Recht, die Berichtigung, die Sperrung oder L\u00f6schung Ihrer Daten zu verlangen. Ausgenommen davon sind Daten, die aufgrund gesetzlicher Vorschriften aufbewahrt werden m\u00fcssen, wie z.B. im Rahmen unser kassen\u00e4rztlichen T\u00e4tigkeit im Rahmen des SGB V. Damit eine Datensperre jederzeit realisiert werden kann, werden Daten zu Kontrollzwecken in einer internen Sperrdatei vorgehalten. Werden Daten nicht von einer gesetzlichen Archivierungspflicht erfasst, l\u00f6schen wir Ihre Daten auf Ihren Wunsch. Greift die Archivierungspflicht, sperren wir Ihre Daten. F\u00fcr alle Fragen und Anliegen zur Berichtigung, Sperrung oder L\u00f6schung von personenbezogenen Daten wenden Sie sich bitte an die oben genannten Kontaktpersonen unter den Kontaktdaten in dieser Datenschutzerkl\u00e4rung.<\/p>\n<p>Weiterhin haben sie das Recht, sich bei einer Datenschutz-Aufsichtsbeh\u00f6rde \u00fcber die Verarbeitung ihrer personenbezogenen Daten durch uns zu beschweren.<\/p>\n<\/div>\n<\/section>\n<div class=\"hr av-ot2s-33abeb78463572459920f3defca676e2 hr-invisible  avia-builder-el-6  el_after_av_textblock  el_before_av_textblock  \"><\/div>\n<section class=\"av_textblock_section av-l53jr1eg-8d1e487af3e54feaa9cecd52913d5037 \">\n<div class=\"avia_textblock \">\n<h3><strong>Erhebung personenbezogener Daten bei Besuch unserer Website:<\/strong><\/h3>\n<p>Unsere Homepage dient ausschlie\u00dflich der Bereitstellung von Informationen \u00fcber unsere Praxis, unser Behandlungsspektrum und therapeutische und diagnostischen M\u00f6glichkeiten bei verschiedenen Erkrankungen. Beim Besuch unserer Homepage werden nur die Daten erhoben, die von Ihrem Browser an unseren Server \u00fcbermittelt werden. Diese Daten sind notwendig, damit Sie unsere Homepage angezeigt bekommen und auf ihr navigieren k\u00f6nnen. Rechtsgrundlage f\u00fcr die Erhebung der Daten ist Art. 6 Abs. 1 f) EU-Datenschutz-Grundverordnung. Im Einzelnen werden folgende Daten bei Ihrem Besuch unserer Homepage erhoben:<\/p>\n<ul>\n<li>IP-Adresse<\/li>\n<li>Art des Browsers, sowie dessen Sprache und Version<\/li>\n<li>Betriebssystem und dessen Oberfl\u00e4che<\/li>\n<li>Zugriffstatus\/http-Statuscode<\/li>\n<li>Datum und Uhrzeit der Anfrage, sowie die Zeitzone<\/li>\n<li>Inhalt der Anforderung und Homepage, von der sie kommt<\/li>\n<li>\u00dcbertragene Datenmenge<\/li>\n<\/ul>\n<p>Die L\u00f6schung dieser Daten erfolgt, wenn diese nicht mehr erforderlich sind.<\/p>\n<\/div>\n<\/section>\n<div class=\"hr av-67zu0-118159a45127aaaa3fa149410d7bbc2c hr-invisible  avia-builder-el-8  el_after_av_textblock  el_before_av_textblock  \"><\/div>\n<section class=\"av_textblock_section av-l53jsaqy-4e2bd8148a5d128653fe34c2f46b4713 \">\n<div class=\"avia_textblock \">\n<h3><strong>Cookies<\/strong><\/h3>\n<p>Zus\u00e4tzlich zu diesen Daten nutzen wir \u00fcber unsere Homepage auch Cookies. Dies sind kleine Textdateien, die nach Besuch unserer Homepage auf Ihrem Rechner (in Ihrem Browser) gespeichert werden. Sollten Sie unsere Homepage danach erneut besuchen, so sendet der von Ihnen genutzte Browser die in dem Cookie gespeicherten Informationen an unsere Homepage und kann ihnen so bspw. die Navigation erleichtern, weil Voreinstellungen \u00fcbernommen werden. Cookies sind keine Viren und k\u00f6nnen auch keine Schadsoftware oder Spionageprogramme auf dem Computer installieren. Sie sind kurze Texte, die zwischen Webserver und Browser ausgetauscht werden. Auf unserer Homepage werden folgende Arten von Cookies verwendet:<\/p>\n<p><strong>Transiente Cookies (tempor\u00e4re Cookies)<\/strong><br \/>\nDiese Cookies werden nur f\u00fcr den Zeitraum der Nutzung Ihres Browsers gespeichert. Diese speichern eine sogenannte Session-ID, mit welcher sich verschiedene Anfragen Ihres Browsers der gemeinsamen Sitzung zuordnen lassen. Dadurch kann Ihr Rechner wiedererkannt werden, wenn Sie auf die Homepage zur\u00fcckkehren. Sobald Sie den Browser schlie\u00dfen, werden auch diese Cookies automatisch gel\u00f6scht.<\/p>\n<p><strong>Persistente Cookies (zeitlich beschr\u00e4nkte Cookies)<\/strong><br \/>\nDiese Cookies unterscheiden sich von den Transienten Cookies lediglich dadurch, dass sie beim Schlie\u00dfen des Browsers nicht automatisch gel\u00f6scht werden, sondern erst nach einer voreingestellten Zeit. Sie k\u00f6nnen diese Cookies jedoch jederzeit \u00fcber die Einstellungen ihres Browsers l\u00f6schen. Sie k\u00f6nnen unsere Homepage auch ohne den Einsatz von Cookies nutzen, wodurch m\u00f6glicherweise einige Darstellungen und Funktionen unseres Angebots nur eingeschr\u00e4nkt arbeiten. Wenn Sie die Cookies deaktivieren m\u00f6chten, k\u00f6nnen Sie das \u00fcber spezielle Einstellungen Ihres Browsers erreichen. Nutzen Sie dazu am besten die Hilfefunktion Ihres Browsers, um die entsprechenden \u00c4nderungen vorzunehmen. Online-Anzeigen-Cookies k\u00f6nnen Sie generell \u00fcber folgende Links anzeigen lassen und verwalten: XXXXXX hier muss der Link hin XXXXX<\/p>\n<\/div>\n<\/section>\n<div class=\"hr av-5s9mo-29b65ed0af97313e7d37a1f271cd5cdd hr-invisible  avia-builder-el-10  el_after_av_textblock  el_before_av_textblock  \"><\/div>\n<section class=\"av_textblock_section av-53md0-79e9224f416d82b239bd312f2acd7983 \">\n<div class=\"avia_textblock \">\n<h3><strong>Kontaktformular \/ E-Mail-Kontakt<\/strong><\/h3>\n<p>Wenn Sie uns per E-Mail oder Kontaktformular auf unserer Homepage Terminw\u00fcnsche oder Anfragen zukommen lassen, werden die von Ihnen mitgeteilten Daten (E-Mail-Adresse, Name, Telefonnummer) gespeichert, um Ihre Fragen beantworten zu k\u00f6nnen. Diese Daten werden gel\u00f6scht, sobald sie nicht mehr ben\u00f6tigt werden und keine gesetzlichen Aufbewahrungspflichten bestehen. Dritten werden diese Daten nicht zug\u00e4nglich gemacht.<\/p>\n<p>Bitte beachten Sie, dass wir Ihre Daten aus dem Kontaktformular per E-Mail in der Praxis erhalten. Die \u00dcbermittlung erfolgt verschl\u00fcsselt. EDV-Experten pflegen oft an den Grundsatz zu erinnern, dass Sie das, was Sie nicht als Postkarte versenden w\u00fcrden, auch nicht per EMail versenden sollten. Senden Sie uns daher bitte keinen vertraulichen Angaben \/ Daten per E-Mail oder \u00fcber das Kontaktformular der Homepage, sondern w\u00e4hlen Sie daf\u00fcr besser den Postweg oder das Telefon. Bitte haben Sie Verst\u00e4ndnis daf\u00fcr, dass wir f\u00fcr unverlangt zugesendete Daten \/ E-Mails jede Haftung ablehnen.<\/p>\n<\/div>\n<\/section>\n<div class=\"hr av-4duw4-ae8ec96c739b46803aa547653f98c324 hr-invisible  avia-builder-el-12  el_after_av_textblock  el_before_av_textblock  \"><\/div>\n<section class=\"av_textblock_section av-l53jt6vv-20fc65eacd2d909dcf5cfcbd1173dfb1 \">\n<div class=\"avia_textblock \">\n<h3><strong>Erhebung von Zugriffsdaten \/ Server Logfiles<\/strong><\/h3>\n<p>Die Auslieferung und Darstellung der Inhalte \u00fcber unsere Homepage erfordert technisch die Erfassung bestimmter Daten. Mit Ihrem Zugriff auf unsere Homepage werden diese sogenannten Server-Logfiles durch uns oder den Provider des Webspace erfasst. Die entsprechenden Informationen bestehen aus dem Namen der Homepage, der Datei, dem aktuellen Datum, der Datenmenge, dem Webbrowser und seiner Version, dem eingesetzten Betriebssystem, dem Domain-Namen Ihres Internet-Providers, der Referrer-URL als jene Seite, von der Sie auf unsere Seite gewechselt sind, sowie der entsprechenden IP-Adresse. Diese Logfiles erlauben keinen R\u00fcckschluss auf Sie und Ihre Person. Wir nutzen diese Daten zur Darstellung und Auslieferung unserer Inhalte sowie zu statistischen Zwecken. Die Informationen unterst\u00fctzen die Bereitstellung und st\u00e4ndige Verbesserung unseres Angebots. Auch behalten wir uns vor, die erw\u00e4hnten Daten nachtr\u00e4glich zu pr\u00fcfen, sollte der Verdacht auf eine rechtswidrige Nutzung unseres Angebotes bestehen.<\/p>\n<\/div>\n<\/section>\n<div class=\"hr av-3rye0-ef025269365ab18e9c7d8f8de3b5a2c9 hr-invisible  avia-builder-el-14  el_after_av_textblock  el_before_av_textblock  \"><\/div>\n<section class=\"av_textblock_section av-3ioik-d83f334ae0dca65a37c949d2c173bdde \">\n<div class=\"avia_textblock \">\n<h3><strong>Widerspruch Werbe-E-Mails<\/strong><\/h3>\n<p>Im Rahmen der gesetzlichen Impressumspflicht m\u00fcssen wir unsere Kontaktdaten ver\u00f6ffentlichen. Diese werden von dritten Personen teilweise zur \u00dcbersendung nicht erw\u00fcnschter Werbung und Informationen genutzt. Wir widersprechen hiermit jeglicher von uns nicht ausdr\u00fccklich autorisierten \u00dcbersendung von Werbematerial aller Art. Wir behalten uns ferner ausdr\u00fccklich rechtliche Schritte gegen die unerw\u00fcnschte und unverlangte Zusendung von Werbematerial vor. Dies gilt insbesondere f\u00fcr sogenannte Spam-E-Mails, Spam-Briefe und Spam-Faxe. Wir weisen darauf hin, dass die unautorisierte \u00dcbermittlung von Werbematerial sowohl wettbewerbsrechtliche, zivilrechtliche und strafrechtliche Tatbest\u00e4nde ber\u00fchren kann. Speziell Spam-E-Mails und Spam-Faxe k\u00f6nnen zu hohen\u00a0 Schadensersatzforderungen unsererseits f\u00fchren, wenn sie den Praxisbetrieb durch \u00dcberf\u00fcllung von Postf\u00e4chern oder Faxger\u00e4ten st\u00f6ren.<\/p>\n<\/div>\n<\/section>\n<div class=\"hr av-2ius0-e478af603e065eda366e8e371222813c hr-invisible  avia-builder-el-16  el_after_av_textblock  el_before_av_textblock  \"><\/div>\n<section class=\"av_textblock_section av-l53jtw69-a944265cfaf9d33178ea2e49e398fc99 \">\n<div class=\"avia_textblock \">\n<h3><strong>Inhalte und Dienste von Drittanbietern<\/strong><\/h3>\n<p>Das Angebot auf unserer Homepage erfasst unter Umst\u00e4nden auch Inhalte, Dienste und Leistungen von anderen Anbietern, die unser Angebot erg\u00e4nzen. Dies geschieht zum Einen mit sog. Plug-Ins. Dies sind Software-Erweiterungen oder Zusatzmodule, welche Funktionen unserer Homepage erweitern. Beispiele f\u00fcr solche Angebote sind Karten von Google-Maps, YouTube-Videos oder Grafikdarstellungen Dritter. Der Aufruf dieser Leistungen von dritter Seite erfordert regelm\u00e4\u00dfig die \u00dcbermittlung Ihrer IP-Adresse. Damit ist es diesen Anbietern m\u00f6glich, Ihre Nutzer-IP-Adresse wahrzunehmen und diese auch zu speichern. Wir bem\u00fchen uns sehr, nur solche Drittanbieter einzubeziehen, die IP-Adressen allein zur Auslieferung der Inhalte nutzen. Wir haben dabei jedoch keinen Einfluss darauf, welcher Drittanbieter gegebenenfalls die IP-Adresse speichert. Diese Speicherung kann zum Beispiel statistischen Zwecken dienen. Sollten wir von Speicherungsvorg\u00e4ngen durch Drittanbieter Kenntnis erlangen, weisen wir unsere Nutzer unverz\u00fcglich auf diese Tatsache in dieser Datenschutzerkl\u00e4rung hin. Beachten Sie bitte in diesem Zusammenhang auch die nachfolgenden speziellen Datenschutzerkl\u00e4rungen zu einzelnen Drittanbietern und Dienstleistern, deren Dienste wir auf unserer Homepage nutzen. Diese finden Sie ebenfalls in dieser Datenschutzerkl\u00e4rung.<\/p>\n<\/div>\n<\/section>\n<div class=\"hr av-24dbs-193c4423b01368d70b36a6215ac717d3 hr-invisible  avia-builder-el-18  el_after_av_textblock  el_before_av_textblock  \"><\/div>\n<section class=\"av_textblock_section av-l53juafe-96a16d4774a1d36a7fe1981fb8e14927 \">\n<div class=\"avia_textblock \">\n<h3><strong>Google Analytics<\/strong><\/h3>\n<p>Wir nutzen auf unserer Homepage Google Analytics. Google Analytics ist ein Webanalysedienst der Google Inc.. Google verwendet Cookies. Die mittels Cookies erzeugten Informationen \u00fcber die Nutzung der Homepage werden in der Regel an einen Server von Google in den USA \u00fcbertragen und dort gespeichert. Google nutzt diese Informationen in unserem Auftrag, um die Nutzung unseres Onlineangebotes auszuwerten und um weitere mit der Nutzung dieses Onlineangebotes und der Internetnutzung verbundene Dienstleistungen uns gegen\u00fcber zu erbringen. Wir haben Google Analytics um den Code \u201eanonymizeIP\u201c erweitert. Das bedeutet, dass die IP-Adresse der Nutzer von Google innerhalb von Mitgliedstaaten der Europ\u00e4ischen Union oder in anderen Vertragsstaaten des Abkommens \u00fcber den Europ\u00e4ischen Wirtschaftsraum gek\u00fcrzt wird. In Ausnahmef\u00e4llen wird die volle IP-Adresse an einen Server von Google in den USA \u00fcbertragen und dort gek\u00fcrzt.<br \/>\nDurch die Code Erweiterung \u201eanonymizeIp\u201c werden die letzten 8bit der IP-Adresse der Nutzer gekappt. Durch den Einsatz dieses Codes ist nur noch eine grobe Lokalisierung der Nutzer m\u00f6glich. Die von dem Browser des Nutzers \u00fcbermittelte IP-Adresse wird nicht mit anderen Daten von Google zusammengef\u00fchrt. Die Speicherung der Cookies k\u00f6nnen Sie durch eine entsprechende Einstellung ihrer Browser-Software verhindern. Eventuell k\u00f6nnen dann nicht s\u00e4mtliche Funktionen der Homepage vollumf\u00e4nglich genutzt werden. Au\u00dferdem k\u00f6nnen Sie die Erfassung der durch das Cookie erzeugten und auf Ihre Nutzung des Onlineangebotes bezogenen Daten an Google sowie die Verarbeitung dieser Daten durch Google verhindern, indem Sie das unter dem folgenden Link verf\u00fcgbare Browser-Plug-In herunterladen und installieren:<br \/>\n<a href=\"http:\/\/tools.google.com\/dlpage\/gaoptout?hl=de%22%20%5Ct%20%22_blank\">http:\/\/tools.google.com\/dlpage\/gaoptout?hl=de<\/a>\u00a0.<br \/>\nM\u00f6glich ist auch das Setzen eines Opt-Out-Cookie, das die zuk\u00fcnftige Erfassung Ihrer Daten beim Besuch unserer Homepage verhindert. Hinweise zur Einbindung eines Opt-Out-Cookies finden Sie unter:<br \/>\n<a href=\"http:\/\/developers.google.com\/analytics\/devguides\/collection\/gajs\/?hl=de%22%20%5Cl%20%22disable%22%20%5Ct%20%22_blank\">http:\/\/developers.google.com\/analytics\/devguides\/collection\/gajs\/?hl=de#disable<\/a>\u00a0.<br \/>\nWeitere Informationen zur Datennutzung durch Google, Einstellungen und Widerspruchsm\u00f6glichkeiten erhalten Sie auf den Webseiten von Google (\u201eDatennutzung durch Google bei Ihrer Nutzung von Homepages oder Apps unserer Partner\u201c):<br \/>\n<a href=\"https:\/\/www.google.com\/intl\/de\/policies\/privacy\/partners\/%22%20%5Ct%20%22_blank\">https:\/\/www.google.com\/intl\/de\/policies\/privacy\/partners\/<\/a>\u00a0.<br \/>\nDie Datenschutzerkl\u00e4rung und Nutzungsbedingungen von Google finden Sie unter:<br \/>\n<a href=\"http:\/\/www.google.com\/policies\/technologies\/ads%22%20%5Ct%20%22_blank\">http:\/\/www.google.com\/policies\/technologies\/ads<\/a>\u00a0(\u201eWerbung\u201c).<br \/>\nErfahren Sie mehr zu den Datenschutzbedingungen von Google und Google Analytics unter:<br \/>\n<a href=\"http:\/\/www.google.com\/analytics\/terms\/de.html%22%20%5Ct%20%22_blank\">http:\/\/www.google.com\/analytics\/terms\/de.html<\/a>\u00a0oder unter<br \/>\n<a href=\"https:\/\/www.google.de\/intl\/de\/policies\/%22%20%5Ct%20%22_blank\">https:\/\/www.google.de\/intl\/de\/policies\/<\/a>\u00a0.<\/p>\n<\/div>\n<\/section>\n<div class=\"hr av-4r0c-07c69e813e2b85cd77bb0c2871f576c5 hr-invisible  avia-builder-el-20  el_after_av_textblock  el_before_av_textblock  \"><\/div>\n<section class=\"av_textblock_section av-l53jutop-5209111ea203578171ad20451167d16c \">\n<div class=\"avia_textblock \">\n<h3><strong>Google Maps-Plug-In<\/strong><\/h3>\n<p>Unsere Homepage benutzt Google Maps zur Darstellung von Karten und zur Erstellung von Anfahrtspl\u00e4nen. Google Maps wird von Google Inc., 1600 Amphitheatre Parkway, Mountain View, CA 94043, USA betrieben. Durch den Besuch auf der Homepage erh\u00e4lt Google Informationen dar\u00fcber, dass Sie die entsprechende Seite unseres Webauftrittes aufgerufen haben. Dies erfolgt auch unabh\u00e4ngig davon, ob Sie ein Nutzerkonto bei Google haben oder \u00fcber dieses eingeloggt sind. F\u00fcr den Fall, dass Sie w\u00e4hrend der Nutzung der Homepage \u00fcber ein Nutzerkonto von Google eingeloggt sind, werden die Daten direkt Ihrem Benutzerkonto zugeordnet. Wenn Sie dies nicht w\u00fcnschen, so m\u00fcssen Sie sich vor Nutzung unserer Homepage bei Google ausloggen.<\/p>\n<p>Google speichert ihre Daten als Nutzungsprofile und nutzt sie f\u00fcr Zwecke der Werbung, Marktforschung und\/oder bedarfsgerechter Gestaltung seiner Website. Eine solche Auswertung erfolgt insbesondere (selbst f\u00fcr nicht eingeloggte Nutzer) zur Erbringung von bedarfsgerechter Werbung und um andere Nutzer des sozialen Netzwerks \u00fcber ihre Aktivit\u00e4ten auf unserer Website zu informieren. Ihnen steht ein Widerspruchsrecht zu gegen die Bildung dieser Nutzerprofile, wobei sie sich zur Aus\u00fcbung dessen an Google richten m\u00fcssen. Details zur Nutzung der Daten und die Datenschutzbestimmungen k\u00f6nnen unter\u00a0<a href=\"http:\/\/www.google.de\/intl\/de\/policies\/privacy\/%22%20%5Ct%20%22_blank\">http:\/\/www.google.de\/intl\/de\/policies\/privacy\/<\/a>\u00a0eingesehen werden.<\/p>\n<\/div>\n<\/section>\n<div class=\"hr av-owh0-a05b1303799d768cc368a95ac3d04b7a hr-invisible  avia-builder-el-22  el_after_av_textblock  el_before_av_textblock  \"><\/div>\n<section class=\"av_textblock_section av-l53jv8w1-23b8f11aba0769ee71e4255524e9695e \">\n<div class=\"avia_textblock \">\n<h3><strong>Google+ Plug-In (Google-Plus-Plug-In)<\/strong><\/h3>\n<p>Wir nutzen auf unserer Homepage Funktionen von Google+. Das soziale Netzwerk wird von der Google Inc., 1600 Amphitheatre Parkway, Mountain View, CA 94043, USA betrieben. Google+ erm\u00f6glicht Ihnen die globale Ver\u00f6ffentlichung von Inhalten \u00fcber seine Schaltfl\u00e4che. Ihnen werden au\u00dferdem personalisierte Inhalte von Google und Partneranbietern angeboten. Google speichert Ihre Bewertung (+1) zu Inhalten und Informationen von Homepagen, die Sie bei Vergabe von +1 angeklickt haben. Ihre Bewertung +1 kann mit Ihrem Profilnamen und Ihrem Foto in anderen Google-Services angezeigt werden. Google erfasst insgesamt Ihre 1+ Aktivit\u00e4ten. Diese Erfassung dient der Optimierung und Personalisierung des Google-Angebots f\u00fcr Sie. Zur Benutzung der Google+ Plattform erstellen Sie unter einem von Ihnen gew\u00e4hlten Namen ein global sichtbares Profil. Der gew\u00e4hlte Name findet auch bei den anderen Google-Diensten Anwendung. Wer Ihre E-Mail-Adresse kennt, kann so zu Ihrem Google+ Profil gelangen. Google benutzt die erfassten Daten im Rahmen seiner Datenschutzbestimmungen unter anderem zur Erstellung von Statistiken, die zusammengefasst an Partnerfirmen weitergegeben oder anderweitig genutzt werden. Details zur Nutzung der Daten und die Datenschutzbestimmungen k\u00f6nnen unter\u00a0<a href=\"http:\/\/www.google.de\/intl\/de\/policies\/privacy\/%22%20%5Ct%20%22_blank\">http:\/\/www.google.de\/intl\/de\/policies\/privacy\/<\/a>\u00a0eingesehen werden. Unter dem Link finden sich auch Hinweise zur individuellen Einstellung des Datenschutzes auf Google+.<\/p>\n<\/div>\n<\/section>\n<\/div><\/section><\/p><\/div>\n","protected":false},"excerpt":{"rendered":"","protected":false},"author":1,"featured_media":0,"parent":0,"menu_order":0,"comment_status":"closed","ping_status":"closed","template":"","meta":{"footnotes":""},"class_list":["post-65","page","type-page","status-publish","hentry"],"_links":{"self":[{"href":"https:\/\/arztpraxis-klueter.de\/index.php?rest_route=\/wp\/v2\/pages\/65","targetHints":{"allow":["GET"]}}],"collection":[{"href":"https:\/\/arztpraxis-klueter.de\/index.php?rest_route=\/wp\/v2\/pages"}],"about":[{"href":"https:\/\/arztpraxis-klueter.de\/index.php?rest_route=\/wp\/v2\/types\/page"}],"author":[{"embeddable":true,"href":"https:\/\/arztpraxis-klueter.de\/index.php?rest_route=\/wp\/v2\/users\/1"}],"replies":[{"embeddable":true,"href":"https:\/\/arztpraxis-klueter.de\/index.php?rest_route=%2Fwp%2Fv2%2Fcomments&post=65"}],"version-history":[{"count":3,"href":"https:\/\/arztpraxis-klueter.de\/index.php?rest_route=\/wp\/v2\/pages\/65\/revisions"}],"predecessor-version":[{"id":92,"href":"https:\/\/arztpraxis-klueter.de\/index.php?rest_route=\/wp\/v2\/pages\/65\/revisions\/92"}],"wp:attachment":[{"href":"https:\/\/arztpraxis-klueter.de\/index.php?rest_route=%2Fwp%2Fv2%2Fmedia&parent=65"}],"curies":[{"name":"wp","href":"https:\/\/api.w.org\/{rel}","templated":true}]}}