{"id":63,"date":"2023-02-10T07:47:49","date_gmt":"2023-02-10T07:47:49","guid":{"rendered":"https:\/\/arztpraxis-klueter.de\/?page_id=63"},"modified":"2023-02-16T13:48:00","modified_gmt":"2023-02-16T13:48:00","slug":"impressum","status":"publish","type":"page","link":"https:\/\/arztpraxis-klueter.de\/?page_id=63","title":{"rendered":"Impressum"},"content":{"rendered":"<div  class='flex_column av-19frv-f509a2fe80ab4182be01a40277736c43 av_one_full  avia-builder-el-0  avia-builder-el-no-sibling  first flex_column_div  '     ><section  class='av_textblock_section av-ldy8y0v2-bf1b8ffbec528e484a7d1fe2aa69b84c '   itemscope=\"itemscope\" itemtype=\"https:\/\/schema.org\/CreativeWork\" ><div class='avia_textblock'  itemprop=\"text\" ><h2>IMPRESSUM<\/h2>\n<section class=\"av_textblock_section av-l53j8dg3-7b541187c56c56f236256bf300e043c4 \">\n<div class=\"avia_textblock \">\n<p>Angaben gem. \u00a7 5 TMG<\/p>\n<\/div>\n<\/section>\n<div class=\"hr av-l53jxb7s-7e9abd44abe5b5145ec2208d13099645 hr-invisible avia-builder-el-2 el_after_av_textblock el_before_av_textblock \"><\/div>\n<section class=\"av_textblock_section av-l53jb3nz-4b581f262c9694ccc1523b85b3825cf5 \">\n<div class=\"avia_textblock \">\n<h3><strong>BETREIBER UND KONTAKT:<\/strong><\/h3>\n<p>Dr. med. Andreas Kl\u00fcter<br \/>\nHaus\u00e4rztlicher Internist<\/p>\n<p>Dammchaussee 32<br \/>\n18209 Bad Doberan<\/p>\n<p>Tel: 038203 \u2013 77 15 72<br \/>\nFax: 038203 \u2013 77 15 73<\/p>\n<p>Mail: <a href=\"mailto:info@arztpraxis-klueter.de\">info@arztpraxis-klueter.de<\/a><\/p>\n<\/div>\n<\/section>\n<div class=\"hr av-5hqje-a38d391be4aa8ae7a2eb3e6c3a99fe5e hr-invisible avia-builder-el-4 el_after_av_textblock el_before_av_textblock \"><\/div>\n<section class=\"av_textblock_section av-l53jc2w7-2eeea449e1e9e63c57ff9bf9adac83e1 \">\n<div class=\"avia_textblock \">\n<h3><strong>VERTRETUNGSBERECHTIGTE GESELLSCHAFTER:<\/strong><\/h3>\n<p>Dr. med. Andreas Kl\u00fcter<br \/>\nHaus\u00e4rztlicher Internist<\/p>\n<\/div>\n<\/section>\n<div class=\"hr av-5bewy-660568ca205f6f7f668d44a103033dc7 hr-invisible avia-builder-el-6 el_after_av_textblock el_before_av_textblock \"><\/div>\n<section class=\"av_textblock_section av-l53jev6j-797967a6b944637be3c04232498066e4 \">\n<div class=\"avia_textblock \">\n<h3>V<strong>ERANTWORTLICHER F\u00dcR JOURNALISTISCH-REDAKTIONELLE INHALTE GEM. \u00a7 55 II RSTV:<\/strong><\/h3>\n<p>Dr. med. Andreas Kl\u00fcter<br \/>\nHaus\u00e4rztlicher Internist<\/p>\n<\/div>\n<\/section>\n<div class=\"hr av-4a18i-b3b1e642f5b00f769d64c501d77e8282 hr-invisible avia-builder-el-8 el_after_av_textblock el_before_av_textblock \"><\/div>\n<section class=\"av_textblock_section av-l53jftak-b57b87a3aaa8a446adc63f2e45c53aaa \">\n<div class=\"avia_textblock \">\n<h3><strong>ZUST\u00c4NDIGE AUFSICHTSBEH\u00d6RDE:<\/strong><\/h3>\n<p>Kassen\u00e4rztliche Vereinigung Mecklenburg-Vorpommern,<br \/>\nNeum\u00fchler Str. 22, 19057 Schwerin<\/p>\n<p>BSNR.: 782065200<\/p>\n<\/div>\n<\/section>\n<div class=\"hr av-3z8ci-ad2e13ecfae7aea4c596a696e16a2f38 hr-invisible avia-builder-el-10 el_after_av_textblock el_before_av_textblock \"><\/div>\n<section class=\"av_textblock_section av-l53jg23v-6b101b237beda67784481643feae13c2 \">\n<div class=\"avia_textblock \">\n<h3><strong>ZUST\u00c4NDIGE KAMMER:<\/strong><\/h3>\n<p>\u00c4rztekammer Mecklenburg-Vorpommern,<br \/>\nAugust-Bebel-Str. 9a, 18055 Rostock<\/p>\n<\/div>\n<\/section>\n<div class=\"hr av-3jf4u-f5c23177f217672aa2c06a7db1058e36 hr-invisible avia-builder-el-12 el_after_av_textblock el_before_av_textblock \"><\/div>\n<section class=\"av_textblock_section av-l53jgksj-9b935937f60840d4adb39c10b2b853e9 \">\n<div class=\"avia_textblock \">\n<h3><strong>BERUFSBEZEICHNUNG:<\/strong><\/h3>\n<p>\u00c4rzte, Facharzt f\u00fcr Innere Medizin, verliehen in der Bundesrepublik Deutschland<\/p>\n<\/div>\n<\/section>\n<div class=\"hr av-2ki1a-c7676c89d00d978d535fe3bcdcd5c305 hr-invisible avia-builder-el-14 el_after_av_textblock el_before_av_textblock \"><\/div>\n<section class=\"av_textblock_section av-l53jh6n9-181804ceef6b5958709a143bcd6f10d7 \">\n<div class=\"avia_textblock \">\n<h3><strong>DISCLAIMER:<\/strong><\/h3>\n<h4><strong>(1) HAFTUNGSBESCHR\u00c4NKUNG<\/strong><\/h4>\n<p><strong>Inhalte dieser Website<\/strong><br \/>\nDie Inhalte dieser Website werden mit gr\u00f6\u00dftm\u00f6glicher Sorgfalt erstellt. Der Anbieter \u00fcbernimmt jedoch keine Gew\u00e4hr f\u00fcr die Richtigkeit, Vollst\u00e4ndigkeit und Aktualit\u00e4t der bereitgestellten Inhalte. Die Nutzung der abrufbaren Inhalte erfolgt auf eigene Gefahr des Nutzers.<\/p>\n<p><strong>Verf\u00fcgbarkeit der Website<\/strong><br \/>\nDer Anbieter wird sich bem\u00fchen, den Dienst m\u00f6glichst unterbrechungsfrei zum Abruf anzubieten. Auch bei aller Sorgfalt k\u00f6nnen aber Ausfallzeiten nicht ausgeschlossen werden. Der Anbieter beh\u00e4lt sich das Recht vor, sein Angebot jederzeit zu \u00e4ndern oder einzustellen.<\/p>\n<p><strong>Externe Links<\/strong><br \/>\nDiese Website enth\u00e4lt Verkn\u00fcpfungen zu Websites Dritter (\u201eexterne Links\u201c). Diese Websites unterliegen der Haftung der jeweiligen Betreiber. Der Anbieter hat bei der erstmaligen Verkn\u00fcpfung der externen Links die fremden Inhalte daraufhin \u00fcberpr\u00fcft, ob etwaige Rechtsverst\u00f6\u00dfe bestehen. Zu dem Zeitpunkt waren keine Rechtsverst\u00f6\u00dfe ersichtlich. Der Anbieter hat keinerlei Einfluss auf die aktuelle und zuk\u00fcnftige Gestaltung und auf die Inhalte der verkn\u00fcpften Seiten. Das Setzen von externen Links bedeutet nicht, dass sich der Anbieter die hinter dem Verweis oder Link liegenden Inhalte zu Eigen macht. Eine st\u00e4ndige Kontrolle dieser externen Links ist f\u00fcr den Anbieter ohne konkrete Hinweise auf Rechtsverst\u00f6\u00dfe nicht zumutbar. Bei Kenntnis von Rechtsverst\u00f6\u00dfen werden jedoch derartige externe Links unverz\u00fcglich gel\u00f6scht.<\/p>\n<p>Mit Urteil vom 12. Mai 1998 \u2013 312 O 85\/98 \u2013 \u201eHaftung f\u00fcr Links\u201c hat das Landgericht (LG) Hamburg entschieden, dass man durch die Anbringung eines Links, die Inhalte der gelinkten Seite ggf. mit zu verantworten hat. Dies kann \u2013 so das LG \u2013 nur dadurch verhindert werden, dass man sich ausdr\u00fccklich von diesen Inhalten distanziert. Hiermit distanzieren wir uns ausdr\u00fccklich von allen Inhalten aller gelinkten Seiten auf dieser Seite. Diese Erkl\u00e4rung gilt f\u00fcr alle auf unserer Homepage angebrachten Links. F\u00fcr den Inhalt der verlinkten Seiten sind ausschlie\u00dflich deren Betreiber verantwortlich.<\/p>\n<p><strong>Kein Vertragsverh\u00e4ltnis<\/strong><br \/>\nMit der Nutzung der Website des Anbieters kommt keinerlei Vertragsverh\u00e4ltnis zwischen dem Nutzer und dem Anbieter zustande. Insofern ergeben sich auch keinerlei vertragliche oder quasivertragliche Anspr\u00fcche gegen den Anbieter. F\u00fcr den Fall, dass die Nutzung der Website doch zu einem Vertragsverh\u00e4ltnis f\u00fchren sollte, gilt rein vorsorglich nachfolgende Haftungsbeschr\u00e4nkung: Der Anbieter haftet f\u00fcr Vorsatz und grobe Fahrl\u00e4ssigkeit sowie bei Verletzung einer wesentlichen Vertragspflicht (Kardinalpflicht). Der Anbieter haftet unter Begrenzung auf Ersatz des bei Vertragsschluss vorhersehbaren vertragstypischen Schadens f\u00fcr solche Sch\u00e4den, die auf einer leicht fahrl\u00e4ssigen Verletzung von Kardinalpflichten durch ihn oder eines seiner gesetzlichen Vertreter oder Erf\u00fcllungsgehilfen beruhen. Bei leicht fahrl\u00e4ssiger Verletzung von Nebenpflichten, die keine Kardinalpflichten sind, haftet der Anbieter nicht. Die Haftung f\u00fcr Sch\u00e4den, die in den Schutzbereich einer vom Anbieter gegebenen Garantie oder Zusicherung fallen sowie die Haftung f\u00fcr Anspr\u00fcche aufgrund des Produkthaftungsgesetzes und Sch\u00e4den aus der Verletzung des Lebens, des K\u00f6rpers oder der Gesundheit bleibt hiervon unber\u00fchrt.<\/p>\n<h4><strong>(2) URHEBERRECHT<\/strong><\/h4>\n<p>Die auf dieser Website ver\u00f6ffentlichten Inhalte und Werke sind urheberrechtlich gesch\u00fctzt. Jede vom Urheberrecht nicht zugelassene Verwertung bedarf der vorherigen schriftlichen Zustimmung des jeweiligen Autors oder Urhebers. Dies gilt insbesondere f\u00fcr Vervielf\u00e4ltigung,\u00a0Bearbeitung, \u00dcbersetzung, Einspeicherung, Verarbeitung bzw. Wiedergabe von Inhalten in Datenbanken oder anderen elektronischen Medien und Systemen. Inhalte und Beitr\u00e4ge Dritter sind dabei als solche gekennzeichnet. Die unerlaubte Vervielf\u00e4ltigung oder Weitergabe einzelner Inhalte oder kompletter Seiten ist nicht gestattet und strafbar. Lediglich die Herstellung von Kopien und Downloads f\u00fcr den pers\u00f6nlichen, privaten und nicht-kommerziellen Gebrauch ist erlaubt.<\/p>\n<p>Links zur Website des Anbieters sind jederzeit willkommen und bed\u00fcrfen keiner Zustimmung durch den Anbieter der Website. Die Darstellung dieser Website in fremden Frames ist nur mit Erlaubnis zul\u00e4ssig.<\/p>\n<h4><strong>(3) HINWEISE F\u00dcR ABMAHNVERSUCHE<\/strong><\/h4>\n<p>Sollte der Inhalt oder die Aufmachung dieser Seiten fremde Rechte Dritter oder gesetzliche Bestimmungen verletzen, so wird um eine entsprechende Nachricht ohne Kostennote gebeten. Die Beseitigung einer m\u00f6glicherweise von diesen Seiten ausgehenden Schutzrecht-Verletzung durch Schutzrecht-Inhaber selbst darf nicht ohne Zustimmung stattfinden. Es wird gew\u00e4hrleistet, dass die zu Recht beanstandeten Passagen unverz\u00fcglich entfernt werden, ohne dass von Ihrerseits die Einschaltung eines Rechtsbeistandes erforderlich ist. Dennoch von Ihnen ohne vorherige Kontaktaufnahme ausgel\u00f6ste Kosten werden vollumf\u00e4nglich zur\u00fcckgewiesen und gegebenenfalls Gegenklage wegen Verletzung vorgenannter Bestimmungen eingereicht.<\/p>\n<h4><strong>(4) ANWENDBARES RECHT<\/strong><\/h4>\n<p>Es gilt ausschlie\u00dflich das ma\u00dfgebliche Recht der Bundesrepublik Deutschland.<\/p>\n<p>Der Inhalt dieser Website ist urheberrechtlich gesch\u00fctzt. Die Bereitstellung von Inhalten und Bildern der Website \u2013 www.ortho-teterow.de \u2013 auf anderen Websites ist nur mit ausdr\u00fccklicher Genehmigung der Redaktion gestattet. Die auf dieser Website enthaltenen Angaben werden nach bestem Wissen erstellt und mit gro\u00dfer Sorgfalt auf ihre Richtigkeit \u00fcberpr\u00fcft. Trotzdem sind inhaltliche und sachliche Fehler nicht vollst\u00e4ndig auszuschlie\u00dfen. Die Orthop\u00e4diepraxis in Teterow \u00fcbernimmt deshalb keinerlei Garantie und Haftung f\u00fcr die Richtigkeit, Aktualit\u00e4t und Vollst\u00e4ndigkeit der bereitgestellten Informationen. Dies gilt auch f\u00fcr alle Links zu anderen URLs, die auf unserer Website genannt werden.<\/p>\n<p><em>2. Name und Anschrift des f\u00fcr die Verarbeitung Verantwortlichen<\/em><\/p>\n<p>Verantwortlicher im Sinne der Datenschutz-Grundverordnung, sonstiger in den Mitgliedstaaten der Europ\u00e4ischen Union geltenden Datenschutzgesetze und anderer Bestimmungen mit datenschutzrechtlichem Charakter ist die:<\/p>\n<p>Dr. med. Andreas Kl\u00fcter<br \/>\nHaus\u00e4rztlicher Internist<\/p>\n<p>Dammchaussee 32<br \/>\n18209 Bad Doberan<\/p>\n<p>Tel: 038203 \u2013 77 15 72<br \/>\nFax: 038203 \u2013 77 15 73<\/p>\n<p>Mail: <a href=\"mailto:info@arztpraxis-klueter.de\">info@arztpraxis-klueter.de<\/a><\/p>\n<p><em>3. Name und Anschrift des Datenschutzbeauftragten<\/em><\/p>\n<p>Der Datenschutzbeauftragte des f\u00fcr die Verarbeitung Verantwortlichen ist:<\/p>\n<p>Dr. med. Andreas Kl\u00fcter<br \/>\nHaus\u00e4rztlicher Internist<\/p>\n<p>Dammchaussee 32<br \/>\n18209 Bad Doberan<\/p>\n<p>Tel: 038203 \u2013 77 15 72<br \/>\nFax: 038203 \u2013 77 15 73<\/p>\n<p>Mail: <a href=\"mailto:info@arztpraxis-klueter.de\">info@arztpraxis-klueter.de<\/a><\/p>\n<p>Jede betroffene Person kann sich jederzeit bei allen Fragen und Anregungen zum Datenschutz direkt an unseren Datenschutzbeauftragten wenden.<\/p>\n<\/div>\n<\/section>\n<div class=\"hr av-23kba-8e1c3e0ad2f6a4c975f619283c05a006 hr-invisible avia-builder-el-16 el_after_av_textblock el_before_av_textblock \"><\/div>\n<section class=\"av_textblock_section av-l53jlnph-224f79105e260a8606268c83ac0281df \">\n<div class=\"avia_textblock \">\n<h3><strong>BILDER UND GRAFIKEN:<\/strong><\/h3>\n<p>Angaben der Quelle f\u00fcr verwendetes Bilder- und Grafikmaterial:<br \/>\nhttp:\/\/www.shutterstock.com<br \/>\nFotos: privat<\/p>\n<\/div>\n<\/section>\n<div class=\"hr av-1cyli-48c2c182d37cc5094ff7825f99a1ed10 hr-invisible avia-builder-el-18 el_after_av_textblock el_before_av_textblock \"><\/div>\n<section class=\"av_textblock_section av-l53jm7mu-c481ef3dd042fb87e1ecc71a1049588d \">\n<div class=\"avia_textblock \">\n<h3><strong>ONLINE-STREITBEILEGUNG GEM\u00c4SS ART. 14 ABS. 1 ODR-VO<\/strong><\/h3>\n<p>Die Europ\u00e4ische Kommission stellt eine Plattform zur Online-Streitbeilegung (OS) bereit, die Sie unter\u00a0<a href=\"http:\/\/ec.europa.eu\/consumers\/odr\/\">http:\/\/ec.europa.eu\/consumers\/odr\/<\/a>\u00a0finden.<\/p>\n<\/div>\n<\/section>\n<div class=\"hr av-zj16-2741050a0ad00ff85d15a37afefbc8ec hr-invisible avia-builder-el-20 el_after_av_textblock el_before_av_textblock \"><\/div>\n<section class=\"av_textblock_section av-l53jmp5e-a1aa3e7b8d1c4509add0e79b5219b4e6 \">\n<div class=\"avia_textblock \">\n<h3><strong>KONZEPTION &#038; ENTWICKLUNG:<\/strong><\/h3>\n<p>Designerhafen- Agentur f\u00fcr Gestaltung<\/p>\n<p>Mai Wolters und Katharina Scharnweber<br \/>\nGeschwister-Scholl-Str. 78<br \/>\n14471 Potsdam<\/p>\n<p>Tel: 0331- 70239192<br \/>\nMobil (0)177\/ 237 536 9<\/p>\n<p>E-Mail:\u00a0ahoi[at]designerhafen.com<br \/>\nWeb: www.designerhafen.com<\/p>\n<\/div>\n<\/section>\n<\/div><\/section><br \/>\n\n<style type=\"text\/css\" data-created_by=\"avia_inline_auto\" id=\"style-css-av-ldy8yhys-3f31a197f7de954a384ca4110191d879\">\n#top .hr.hr-invisible.av-ldy8yhys-3f31a197f7de954a384ca4110191d879{\nheight:20px;\n}\n<\/style>\n<div  class='hr av-ldy8yhys-3f31a197f7de954a384ca4110191d879 hr-invisible  avia-builder-el-2  el_after_av_textblock  el_before_av_textblock '><span class='hr-inner '><span class=\"hr-inner-style\"><\/span><\/span><\/div><br \/>\n<section  class='av_textblock_section av-sakf-046e8a9c64f0058e54456742b676a081 '   itemscope=\"itemscope\" itemtype=\"https:\/\/schema.org\/CreativeWork\" ><div class='avia_textblock'  itemprop=\"text\" ><\/div><\/section><\/p><\/div>\n","protected":false},"excerpt":{"rendered":"","protected":false},"author":1,"featured_media":0,"parent":0,"menu_order":0,"comment_status":"closed","ping_status":"closed","template":"","meta":{"footnotes":""},"class_list":["post-63","page","type-page","status-publish","hentry"],"_links":{"self":[{"href":"https:\/\/arztpraxis-klueter.de\/index.php?rest_route=\/wp\/v2\/pages\/63","targetHints":{"allow":["GET"]}}],"collection":[{"href":"https:\/\/arztpraxis-klueter.de\/index.php?rest_route=\/wp\/v2\/pages"}],"about":[{"href":"https:\/\/arztpraxis-klueter.de\/index.php?rest_route=\/wp\/v2\/types\/page"}],"author":[{"embeddable":true,"href":"https:\/\/arztpraxis-klueter.de\/index.php?rest_route=\/wp\/v2\/users\/1"}],"replies":[{"embeddable":true,"href":"https:\/\/arztpraxis-klueter.de\/index.php?rest_route=%2Fwp%2Fv2%2Fcomments&post=63"}],"version-history":[{"count":7,"href":"https:\/\/arztpraxis-klueter.de\/index.php?rest_route=\/wp\/v2\/pages\/63\/revisions"}],"predecessor-version":[{"id":106,"href":"https:\/\/arztpraxis-klueter.de\/index.php?rest_route=\/wp\/v2\/pages\/63\/revisions\/106"}],"wp:attachment":[{"href":"https:\/\/arztpraxis-klueter.de\/index.php?rest_route=%2Fwp%2Fv2%2Fmedia&parent=63"}],"curies":[{"name":"wp","href":"https:\/\/api.w.org\/{rel}","templated":true}]}}