{"id":13,"date":"2023-02-10T05:34:30","date_gmt":"2023-02-10T05:34:30","guid":{"rendered":"https:\/\/arztpraxis-klueter.de\/?page_id=13"},"modified":"2026-03-16T11:15:23","modified_gmt":"2026-03-16T11:15:23","slug":"hausarztpraxis","status":"publish","type":"page","link":"https:\/\/arztpraxis-klueter.de\/","title":{"rendered":"Willkommen in der Hausarztpraxis mit Herz!"},"content":{"rendered":"<div id='full_slider_1'  class='avia-fullwidth-slider main_color avia-shadow   avia-builder-el-0  el_before_av_section  avia-builder-el-first   container_wrap sidebar_right'  ><div  class='avia-slideshow av-x8rp-2f7d70106ab11bb59d6cdf2794a66e4f avia-slideshow-featured av_slideshow_full avia-slide-slider av-slideshow-ui av-control-default av-slideshow-manual av-loop-once av-loop-manual-endless av-default-height-applied   avia-slideshow-1' data-slideshow-options=\"{&quot;animation&quot;:&quot;slide&quot;,&quot;autoplay&quot;:false,&quot;loop_autoplay&quot;:&quot;once&quot;,&quot;interval&quot;:5,&quot;loop_manual&quot;:&quot;manual-endless&quot;,&quot;autoplay_stopper&quot;:false,&quot;noNavigation&quot;:false,&quot;bg_slider&quot;:false,&quot;keep_padding&quot;:false,&quot;hoverpause&quot;:false,&quot;show_slide_delay&quot;:0}\"  itemprop=\"image\" itemscope=\"itemscope\" itemtype=\"https:\/\/schema.org\/ImageObject\" ><ul class='avia-slideshow-inner ' style='padding-bottom: 28.666666666667%;'><li  class='avia-slideshow-slide av-x8rp-2f7d70106ab11bb59d6cdf2794a66e4f__0  av-single-slide slide-1 slide-odd'><div data-rel='slideshow-1' class='avia-slide-wrap '   ><img decoding=\"async\" fetchpriority=\"high\" class=\"wp-image-58 avia-img-lazy-loading-not-58\"  src=\"https:\/\/arztpraxis-klueter.de\/wp-content\/uploads\/2023\/02\/Arztpraxis-Klueter-Slider-Praxis-1500px.jpg\" width=\"1500\" height=\"430\" title='Arztpraxis-Klueter-Slider-Praxis-1500px' alt=''  itemprop=\"thumbnailUrl\" srcset=\"https:\/\/arztpraxis-klueter.de\/wp-content\/uploads\/2023\/02\/Arztpraxis-Klueter-Slider-Praxis-1500px.jpg 1500w, https:\/\/arztpraxis-klueter.de\/wp-content\/uploads\/2023\/02\/Arztpraxis-Klueter-Slider-Praxis-1500px-300x86.jpg 300w, https:\/\/arztpraxis-klueter.de\/wp-content\/uploads\/2023\/02\/Arztpraxis-Klueter-Slider-Praxis-1500px-1030x295.jpg 1030w, https:\/\/arztpraxis-klueter.de\/wp-content\/uploads\/2023\/02\/Arztpraxis-Klueter-Slider-Praxis-1500px-768x220.jpg 768w, https:\/\/arztpraxis-klueter.de\/wp-content\/uploads\/2023\/02\/Arztpraxis-Klueter-Slider-Praxis-1500px-705x202.jpg 705w\" sizes=\"(max-width: 1500px) 100vw, 1500px\" \/><\/div><\/li><\/ul><\/div><\/div>\n<div id='av_section_1'  class='avia-section av-2kzm9-6168abfaf3c1861ee11a24fa5e3ab489 main_color avia-section-default avia-no-border-styling  avia-builder-el-1  el_after_av_slideshow_full  el_before_av_one_full  avia-bg-style-scroll container_wrap sidebar_right'  ><div class='container av-section-cont-open' ><div class='template-page content  av-content-small alpha units'><div class='post-entry post-entry-type-page post-entry-13'><div class='entry-content-wrapper clearfix'>\n<div class='flex_column_table av-ldy6b9qi-86c11e1e329d4b0f3168ba790edd6394 sc-av_one_third av-equal-height-column-flextable'>\n<style type=\"text\/css\" data-created_by=\"avia_inline_auto\" id=\"style-css-av-ldy6b9qi-86c11e1e329d4b0f3168ba790edd6394\">\n#top .flex_column_table.av-equal-height-column-flextable.av-ldy6b9qi-86c11e1e329d4b0f3168ba790edd6394{\nmargin-top:-100px;\nmargin-bottom:-100px;\n}\n.flex_column.av-ldy6b9qi-86c11e1e329d4b0f3168ba790edd6394{\npadding:20px 20px 20px 20px;\nbackground-color:#52aabe;\n}\n<\/style>\n<div  class='flex_column av-ldy6b9qi-86c11e1e329d4b0f3168ba790edd6394 av_one_third  avia-builder-el-2  el_before_av_one_third  avia-builder-el-first  first no_margin flex_column_table_cell av-equal-height-column av-align-top av-parallax-object  ' data-parallax=\"{&quot;parallax&quot;:&quot;bottom_top&quot;,&quot;parallax_speed&quot;:&quot;20&quot;,&quot;av-desktop-parallax&quot;:&quot;inherit&quot;,&quot;av-desktop-parallax_speed&quot;:&quot;inherit&quot;,&quot;av-medium-parallax&quot;:&quot;inherit&quot;,&quot;av-medium-parallax_speed&quot;:&quot;inherit&quot;,&quot;av-small-parallax&quot;:&quot;inherit&quot;,&quot;av-small-parallax_speed&quot;:&quot;inherit&quot;,&quot;av-mini-parallax&quot;:&quot;inherit&quot;,&quot;av-mini-parallax_speed&quot;:&quot;inherit&quot;,&quot;parallax-container&quot;:&quot;.av-ldy6b9qi-86c11e1e329d4b0f3168ba790edd6394&quot;}\"    ><p>\n<style type=\"text\/css\" data-created_by=\"avia_inline_auto\" id=\"style-css-av-ldy6ooss-ebb0ccbf816f77360816857865e9e0f6\">\n.av_font_icon.av-ldy6ooss-ebb0ccbf816f77360816857865e9e0f6{\ncolor:#ffffff;\nborder-color:#ffffff;\n}\n.avia-svg-icon.av-ldy6ooss-ebb0ccbf816f77360816857865e9e0f6 svg:first-child{\nstroke:#ffffff;\nfill:#ffffff;\n}\n.av_font_icon.av-ldy6ooss-ebb0ccbf816f77360816857865e9e0f6 .av-icon-char{\nfont-size:50px;\nline-height:50px;\n}\n<\/style>\n<span  class='av_font_icon av-ldy6ooss-ebb0ccbf816f77360816857865e9e0f6 avia_animate_when_visible av-icon-style- avia-icon-pos-center avia-iconfont avia-font-entypo-fontello avia-icon-animate'><span class='av-icon-char' data-av_icon='\ue862' data-av_iconfont='entypo-fontello' aria-hidden=\"true\" ><\/span><\/span><br \/>\n\n<style type=\"text\/css\" data-created_by=\"avia_inline_auto\" id=\"style-css-av-ldy6qnsq-40a9807d18e948ae3470c714ecb6dd58\">\n#top .hr.hr-invisible.av-ldy6qnsq-40a9807d18e948ae3470c714ecb6dd58{\nheight:30px;\n}\n<\/style>\n<div  class='hr av-ldy6qnsq-40a9807d18e948ae3470c714ecb6dd58 hr-invisible  avia-builder-el-4  el_after_av_font_icon  el_before_av_textblock '><span class='hr-inner '><span class=\"hr-inner-style\"><\/span><\/span><\/div><br \/>\n\n<style type=\"text\/css\" data-created_by=\"avia_inline_auto\" id=\"style-css-av-ldy67npa-715dd069d8b7d7678e601620d4ae05b2\">\n#top .av_textblock_section.av-ldy67npa-715dd069d8b7d7678e601620d4ae05b2 .avia_textblock{\ncolor:#ffffff;\n}\n<\/style>\n<section  class='av_textblock_section av-ldy67npa-715dd069d8b7d7678e601620d4ae05b2 '   itemscope=\"itemscope\" itemtype=\"https:\/\/schema.org\/CreativeWork\" ><div class='avia_textblock av_inherit_color'  itemprop=\"text\" ><p style=\"text-align: center;\"><b>\u00d6FFNUNGSZEITEN<\/b><\/p>\n<\/div><\/section><br \/>\n\n<style type=\"text\/css\" data-created_by=\"avia_inline_auto\" id=\"style-css-av-ldy6tywh-67225058bfae2817f3ab5f2396e89887\">\n#top .av_textblock_section.av-ldy6tywh-67225058bfae2817f3ab5f2396e89887 .avia_textblock{\nfont-size:10px;\ncolor:#ffffff;\n}\n<\/style>\n<section  class='av_textblock_section av-ldy6tywh-67225058bfae2817f3ab5f2396e89887 '   itemscope=\"itemscope\" itemtype=\"https:\/\/schema.org\/CreativeWork\" ><div class='avia_textblock av_inherit_color'  itemprop=\"text\" ><pre>Montag: \u00a0 \u00a0 \u00a0 \u00a0 08:00-12:00 und 15:00-16:30 Uhr\nDienstag: \u00a0 \u00a0 \u00a0 07:00-12:00 und 15:30-18:00 Uhr\nMittwoch: \u00a0 \u00a0 \u00a0 08:00-12:00 Uhr\nDonnerstag: \u00a0   08:00-12:00 und 15:30-18:00 Uhr\nFreitag: \u00a0 \u00a0 \u00a0  08:00-12:00 Uhr<\/pre>\n<\/div><\/section><\/p><\/div>\n<style type=\"text\/css\" data-created_by=\"avia_inline_auto\" id=\"style-css-av-ldy6c732-e30f4f5343a91c56836963adb3f0f9d4\">\n#top .flex_column_table.av-equal-height-column-flextable.av-ldy6c732-e30f4f5343a91c56836963adb3f0f9d4{\nmargin-top:-100px;\nmargin-bottom:-100px;\n}\n.flex_column.av-ldy6c732-e30f4f5343a91c56836963adb3f0f9d4{\npadding:20px 20px 20px 20px;\nbackground-color:#3a97a8;\n}\n<\/style>\n<div  class='flex_column av-ldy6c732-e30f4f5343a91c56836963adb3f0f9d4 av_one_third  avia-builder-el-7  el_after_av_one_third  el_before_av_one_third  no_margin flex_column_table_cell av-equal-height-column av-align-top av-parallax-object  ' data-parallax=\"{&quot;parallax&quot;:&quot;bottom_top&quot;,&quot;parallax_speed&quot;:&quot;20&quot;,&quot;av-desktop-parallax&quot;:&quot;inherit&quot;,&quot;av-desktop-parallax_speed&quot;:&quot;inherit&quot;,&quot;av-medium-parallax&quot;:&quot;inherit&quot;,&quot;av-medium-parallax_speed&quot;:&quot;inherit&quot;,&quot;av-small-parallax&quot;:&quot;inherit&quot;,&quot;av-small-parallax_speed&quot;:&quot;inherit&quot;,&quot;av-mini-parallax&quot;:&quot;inherit&quot;,&quot;av-mini-parallax_speed&quot;:&quot;inherit&quot;,&quot;parallax-container&quot;:&quot;.av-ldy6c732-e30f4f5343a91c56836963adb3f0f9d4&quot;}\"    ><p>\n<style type=\"text\/css\" data-created_by=\"avia_inline_auto\" id=\"style-css-av-ldy6zd79-7c6a097147c15d7ea8c1d2ead3facb55\">\n.av_font_icon.av-ldy6zd79-7c6a097147c15d7ea8c1d2ead3facb55{\ncolor:#ffffff;\nborder-color:#ffffff;\n}\n.avia-svg-icon.av-ldy6zd79-7c6a097147c15d7ea8c1d2ead3facb55 svg:first-child{\nstroke:#ffffff;\nfill:#ffffff;\n}\n.av_font_icon.av-ldy6zd79-7c6a097147c15d7ea8c1d2ead3facb55 .av-icon-char{\nfont-size:50px;\nline-height:50px;\n}\n<\/style>\n<span  class='av_font_icon av-ldy6zd79-7c6a097147c15d7ea8c1d2ead3facb55 avia_animate_when_visible av-icon-style- avia-icon-pos-center avia-iconfont avia-font-entypo-fontello avia-icon-animate'><span class='av-icon-char' data-av_icon='\ue821' data-av_iconfont='entypo-fontello' aria-hidden=\"true\" ><\/span><\/span><br \/>\n\n<style type=\"text\/css\" data-created_by=\"avia_inline_auto\" id=\"style-css-av-27kz9-8157149b96d011ca68e07ee99c5eb841\">\n#top .hr.hr-invisible.av-27kz9-8157149b96d011ca68e07ee99c5eb841{\nheight:30px;\n}\n<\/style>\n<div  class='hr av-27kz9-8157149b96d011ca68e07ee99c5eb841 hr-invisible  avia-builder-el-9  el_after_av_font_icon  el_before_av_textblock '><span class='hr-inner '><span class=\"hr-inner-style\"><\/span><\/span><\/div><br \/>\n\n<style type=\"text\/css\" data-created_by=\"avia_inline_auto\" id=\"style-css-av-ldy6wxya-bf19e32123d4dc22b43d9e593a507278\">\n#top .av_textblock_section.av-ldy6wxya-bf19e32123d4dc22b43d9e593a507278 .avia_textblock{\ncolor:#ffffff;\n}\n<\/style>\n<section  class='av_textblock_section av-ldy6wxya-bf19e32123d4dc22b43d9e593a507278 '   itemscope=\"itemscope\" itemtype=\"https:\/\/schema.org\/CreativeWork\" ><div class='avia_textblock av_inherit_color'  itemprop=\"text\" ><p style=\"text-align: center;\"><strong>ANSCHRIFT<\/strong><\/p>\n<\/div><\/section><br \/>\n\n<style type=\"text\/css\" data-created_by=\"avia_inline_auto\" id=\"style-css-av-ldy67gof-8cb414fe92a1d0f3d9b78e374f59d4c1\">\n#top .av_textblock_section.av-ldy67gof-8cb414fe92a1d0f3d9b78e374f59d4c1 .avia_textblock{\ncolor:#ffffff;\n}\n<\/style>\n<section  class='av_textblock_section av-ldy67gof-8cb414fe92a1d0f3d9b78e374f59d4c1 '   itemscope=\"itemscope\" itemtype=\"https:\/\/schema.org\/CreativeWork\" ><div class='avia_textblock av_inherit_color'  itemprop=\"text\" ><p style=\"text-align: center;\">Dr. med. Andreas Kl\u00fcter<br \/>\nHaus\u00e4rztlicher Internist<\/p>\n<p style=\"text-align: center;\">Dammchaussee 32<br \/>\n18209 Bad Doberan<\/p>\n<\/div><\/section><\/p><\/div>\n<style type=\"text\/css\" data-created_by=\"avia_inline_auto\" id=\"style-css-av-ldy6cfkx-49df01c1561d8c2d8bbed3822a2bfa86\">\n#top .flex_column_table.av-equal-height-column-flextable.av-ldy6cfkx-49df01c1561d8c2d8bbed3822a2bfa86{\nmargin-top:-100px;\nmargin-bottom:-100px;\n}\n.flex_column.av-ldy6cfkx-49df01c1561d8c2d8bbed3822a2bfa86{\npadding:20px 20px 20px 20px;\nbackground-color:#178592;\n}\n<\/style>\n<div  class='flex_column av-ldy6cfkx-49df01c1561d8c2d8bbed3822a2bfa86 av_one_third  avia-builder-el-12  el_after_av_one_third  avia-builder-el-last  no_margin flex_column_table_cell av-equal-height-column av-align-top av-parallax-object  ' data-parallax=\"{&quot;parallax&quot;:&quot;bottom_top&quot;,&quot;parallax_speed&quot;:&quot;20&quot;,&quot;av-desktop-parallax&quot;:&quot;inherit&quot;,&quot;av-desktop-parallax_speed&quot;:&quot;inherit&quot;,&quot;av-medium-parallax&quot;:&quot;inherit&quot;,&quot;av-medium-parallax_speed&quot;:&quot;inherit&quot;,&quot;av-small-parallax&quot;:&quot;inherit&quot;,&quot;av-small-parallax_speed&quot;:&quot;inherit&quot;,&quot;av-mini-parallax&quot;:&quot;inherit&quot;,&quot;av-mini-parallax_speed&quot;:&quot;inherit&quot;,&quot;parallax-container&quot;:&quot;.av-ldy6cfkx-49df01c1561d8c2d8bbed3822a2bfa86&quot;}\"    ><p>\n<style type=\"text\/css\" data-created_by=\"avia_inline_auto\" id=\"style-css-av-ldy6zrlm-c995cffe0c155de4a491f30a325fddff\">\n.av_font_icon.av-ldy6zrlm-c995cffe0c155de4a491f30a325fddff{\ncolor:#ffffff;\nborder-color:#ffffff;\n}\n.avia-svg-icon.av-ldy6zrlm-c995cffe0c155de4a491f30a325fddff svg:first-child{\nstroke:#ffffff;\nfill:#ffffff;\n}\n.av_font_icon.av-ldy6zrlm-c995cffe0c155de4a491f30a325fddff .av-icon-char{\nfont-size:50px;\nline-height:50px;\n}\n<\/style>\n<span  class='av_font_icon av-ldy6zrlm-c995cffe0c155de4a491f30a325fddff avia_animate_when_visible av-icon-style- avia-icon-pos-center avia-iconfont avia-font-entypo-fontello avia-icon-animate'><span class='av-icon-char' data-av_icon='\ue854' data-av_iconfont='entypo-fontello' aria-hidden=\"true\" ><\/span><\/span><br \/>\n\n<style type=\"text\/css\" data-created_by=\"avia_inline_auto\" id=\"style-css-av-1fj0x-31c48fb63ccdada8fcc153cf77b85aeb\">\n#top .hr.hr-invisible.av-1fj0x-31c48fb63ccdada8fcc153cf77b85aeb{\nheight:30px;\n}\n<\/style>\n<div  class='hr av-1fj0x-31c48fb63ccdada8fcc153cf77b85aeb hr-invisible  avia-builder-el-14  el_after_av_font_icon  el_before_av_textblock '><span class='hr-inner '><span class=\"hr-inner-style\"><\/span><\/span><\/div><br \/>\n\n<style type=\"text\/css\" data-created_by=\"avia_inline_auto\" id=\"style-css-av-ldy672vb-2d8fe550c15bf8d1a051ecaa3a263fda\">\n#top .av_textblock_section.av-ldy672vb-2d8fe550c15bf8d1a051ecaa3a263fda .avia_textblock{\ncolor:#ffffff;\n}\n<\/style>\n<section  class='av_textblock_section av-ldy672vb-2d8fe550c15bf8d1a051ecaa3a263fda '   itemscope=\"itemscope\" itemtype=\"https:\/\/schema.org\/CreativeWork\" ><div class='avia_textblock av_inherit_color'  itemprop=\"text\" ><p style=\"text-align: center;\"><strong>NOTDIENST<\/strong><\/p>\n<\/div><\/section><br \/>\n\n<style type=\"text\/css\" data-created_by=\"avia_inline_auto\" id=\"style-css-av-ldy66jce-9cceaa6bd9b6e8b5e5f596e5751c5913\">\n#top .av_textblock_section.av-ldy66jce-9cceaa6bd9b6e8b5e5f596e5751c5913 .avia_textblock{\ncolor:#ffffff;\n}\n<\/style>\n<section  class='av_textblock_section av-ldy66jce-9cceaa6bd9b6e8b5e5f596e5751c5913 '   itemscope=\"itemscope\" itemtype=\"https:\/\/schema.org\/CreativeWork\" ><div class='avia_textblock av_inherit_color'  itemprop=\"text\" ><p style=\"text-align: center;\">Tel: 038203 &#8211; 77 15 72<br \/>\nFax: 038203 &#8211; 77 15 73<\/p>\n<p style=\"text-align: center;\">Kassen\u00e4rztlicher Notdienst f\u00fcr akute Probleme: 116117<br \/>\nLebensbedrohlicher Notdienst: 112<\/p>\n<\/div><\/section><\/p><\/div><\/div><!--close column table wrapper. Autoclose: 1 --><\/div><\/div><\/div><!-- close content main div --><\/div><\/div><div id='after_section_1'  class='main_color av_default_container_wrap container_wrap sidebar_right'  ><div class='container av-section-cont-open' ><div class='template-page content  av-content-small alpha units'><div class='post-entry post-entry-type-page post-entry-13'><div class='entry-content-wrapper clearfix'><div  class='flex_column av-o3zl-5bb4bcb165242595adcf8a551dc1c66a av_one_full  avia-builder-el-17  el_after_av_section  avia-builder-el-no-sibling  first flex_column_div  '     ><section  class='av_textblock_section av-ldy870j1-f21f01e08c2a5fa0336b36dff5921ac0 '   itemscope=\"itemscope\" itemtype=\"https:\/\/schema.org\/CreativeWork\" ><div class='avia_textblock'  itemprop=\"text\" ><p style=\"text-align: center;\"><strong>Sehr geehrte Patienten und Patientinnen,<\/strong><br \/>\nwir begr\u00fc\u00dfen Sie herzlich auf unserer Homepage.<\/p>\n<p style=\"text-align: center;\">Im Mittelpunkt steht stets der Patient mit seiner individuellen Pers\u00f6nlichkeit.<br \/>\nWir sind f\u00fcr Sie da, wenn es darum geht,\u00a0Ihre Gesundheit zu erhalten und im Krankheitsfall schnell wiederherzustellen.<br \/>\nEinf\u00fchlungsverm\u00f6gen und ein offenes Ohr f\u00fcr die Bed\u00fcrfnisse unserer Patienten geh\u00f6ren daher<br \/>\nebenso\u00a0zu unserem Selbstverst\u00e4ndnis wie unser breites Spektrum\u00a0an haus\u00e4rztlich-internistischer Medizin und unseren fach\u00e4rztlichen Leistungen.<\/p>\n<\/div><\/section><\/div><\/p>\n","protected":false},"excerpt":{"rendered":"","protected":false},"author":1,"featured_media":0,"parent":0,"menu_order":0,"comment_status":"closed","ping_status":"closed","template":"","meta":{"footnotes":""},"class_list":["post-13","page","type-page","status-publish","hentry"],"_links":{"self":[{"href":"https:\/\/arztpraxis-klueter.de\/index.php?rest_route=\/wp\/v2\/pages\/13","targetHints":{"allow":["GET"]}}],"collection":[{"href":"https:\/\/arztpraxis-klueter.de\/index.php?rest_route=\/wp\/v2\/pages"}],"about":[{"href":"https:\/\/arztpraxis-klueter.de\/index.php?rest_route=\/wp\/v2\/types\/page"}],"author":[{"embeddable":true,"href":"https:\/\/arztpraxis-klueter.de\/index.php?rest_route=\/wp\/v2\/users\/1"}],"replies":[{"embeddable":true,"href":"https:\/\/arztpraxis-klueter.de\/index.php?rest_route=%2Fwp%2Fv2%2Fcomments&post=13"}],"version-history":[{"count":38,"href":"https:\/\/arztpraxis-klueter.de\/index.php?rest_route=\/wp\/v2\/pages\/13\/revisions"}],"predecessor-version":[{"id":119,"href":"https:\/\/arztpraxis-klueter.de\/index.php?rest_route=\/wp\/v2\/pages\/13\/revisions\/119"}],"wp:attachment":[{"href":"https:\/\/arztpraxis-klueter.de\/index.php?rest_route=%2Fwp%2Fv2%2Fmedia&parent=13"}],"curies":[{"name":"wp","href":"https:\/\/api.w.org\/{rel}","templated":true}]}}